{"id":76,"date":"2024-07-14T13:33:26","date_gmt":"2024-07-14T13:33:26","guid":{"rendered":"http:\/\/rostock-design.de\/startseite\/?page_id=76"},"modified":"2024-07-16T13:36:44","modified_gmt":"2024-07-16T13:36:44","slug":"datenschutz","status":"publish","type":"page","link":"http:\/\/rostock-design.de\/startseite\/datenschutz\/","title":{"rendered":"Datenschutz"},"content":{"rendered":"<p>[et_pb_section fb_built=&#8220;1&#8243; admin_label=&#8220;Header&#8220; _builder_version=&#8220;4.26.1&#8243; _module_preset=&#8220;default&#8220; use_background_color_gradient=&#8220;on&#8220; background_color_gradient_stops=&#8220;rgba(0,0,0,0.5) 0%|rgba(0,0,0,0.5) 100%&#8220; background_color_gradient_overlays_image=&#8220;on&#8220; background_image=&#8220;http:\/\/rostock-design.de\/wp-content\/uploads\/2024\/07\/2400AdobeStock_381135373.png&#8220; parallax=&#8220;on&#8220; min_height=&#8220;1400px&#8220; height=&#8220;1400px&#8220; max_height=&#8220;1400px&#8220; custom_padding=&#8220;||||true|false&#8220; collapsed=&#8220;on&#8220; global_colors_info=&#8220;{}&#8220;][et_pb_row _builder_version=&#8220;4.26.1&#8243; _module_preset=&#8220;default&#8220; custom_margin=&#8220;||||false|false&#8220; global_colors_info=&#8220;{}&#8220;][et_pb_column type=&#8220;4_4&#8243; _builder_version=&#8220;4.20.0&#8243; _module_preset=&#8220;default&#8220; global_colors_info=&#8220;{}&#8220;][et_pb_text _builder_version=&#8220;4.26.1&#8243; _module_preset=&#8220;default&#8220; text_text_color=&#8220;#FFFFFF&#8220; header_3_text_color=&#8220;#FFFFFF&#8220; locked=&#8220;off&#8220; global_colors_info=&#8220;{}&#8220;]<\/p>\n<div class=\"daschuContentWrapper show\" style=\"opacity: 1; display: inline;\">\n<h3>Datenschutzerkl\u00e4rung<\/h3>\n<p><b>Datenschutz<\/b><\/p>\n<p>Die Betreiber dieser Seiten nehmen den Schutz Ihrer pers\u00f6nlichen Daten sehr ernst. Wir behandeln Ihre personenbezogenen Daten vertraulich und entsprechend der gesetzlichen Datenschutzvorschriften sowie dieser Datenschutzerkl\u00e4rung.<br \/>Die Nutzung unserer Webseite ist in der Regel ohne Angabe personenbezogener Daten m\u00f6glich. Soweit auf unseren Seiten personenbezogene Daten (beispielsweise Name, Anschrift oder E-Mail-Adressen) erhoben werden, erfolgt dies stets auf freiwilliger Basis. Diese Daten werden nicht an Dritte weitergegeben.<br \/>Wir weisen darauf hin, dass bei Daten\u00fcbertragung im Internet auch bei \u00dcbertragung der Inhalte und Mails mit gesicherter\/verschl\u00fcsselter \u00dcbertragung keine hundertprozentige Sicherheit vor dem Zugriff Dritter besteht. Urs\u00e4chlich daf\u00fcr ist schon allein die technische Organisation des Mediums.<\/p>\n<p>&nbsp;<\/p>\n<div class=\"daschuContentWrapper show\" style=\"opacity: 1; display: inline;\">\n<p><b>Datenschutzerkl\u00e4rung f\u00fcr die Nutzung von Facebook-Plugins (Like-Button) und Twitter<\/b><\/p>\n<p>Beide Technologien\/Dienste finden auf dieser Seite keine Anwendung.<\/p>\n<p><b>Datenschutzerkl\u00e4rung f\u00fcr die Nutzung von Google Analytics, Google Adwords, Google Adsense und Google +1<\/b><\/p>\n<p>Beide Technologien\/Dienste finden auf dieser Seite keine Anwendung.<\/p>\n<p>&nbsp;<\/p>\n<div id=\"daschugallery\">\n<div class=\"daschuContentWrapper show\" style=\"opacity: 1; display: inline;\">\n<p><b>Cookies<\/b><\/p>\n<p>Diese Internetseiten verwenden teilweise so genannte Cookies. Cookies sind kleine Textdateien, die auf Ihrem Rechner abgelegt werden und die Ihr Browser speichert. Die von uns verwendeten Cookies sind so genannte \u201eSession-Cookies\u201c. Sie k\u00f6nnen Ihren Browser so einstellen, dass Sie \u00fcber das Setzen von Cookies informiert werden und Cookies nur im Einzelfall erlauben, die Annahme von Cookies f\u00fcr bestimmte F\u00e4lle oder generell ausschlie\u00dfen sowie das automatische L\u00f6schen der Cookies beim Schlie\u00dfen des Browsers aktivieren. Bei der Deaktivierung von Cookies kann die Funktionalit\u00e4t dieser Website eingeschr\u00e4nkt sein.<\/p>\n<p>&nbsp;<\/p>\n<p><b>Server-Log-Files<\/b><\/p>\n<p>Der Provider der Seiten erhebt und speichert automatisch Informationen in so genannten Server-Log Files, die Ihr Browser automatisch an uns \u00fcbermittelt. Dies sind:<\/p>\n<ul>\n<li>Browsertyp\/ Browserversion<\/li>\n<li>verwendetes Betriebssystem<\/li>\n<li>Referrer URL<\/li>\n<li>Hostname des zugreifenden Rechners<\/li>\n<li>Uhrzeit der Serveranfrage<\/li>\n<\/ul>\n<p>Diese Daten sind nicht bestimmten Personen zuordenbar. Eine Zusammenf\u00fchrung dieser Daten mit anderen Datenquellen wird nicht vorgenommen. Wir behalten uns vor, diese Daten nachtr\u00e4glich zu pr\u00fcfen, wenn uns konkrete Anhaltspunkte f\u00fcr eine rechtswidrige Nutzung bekannt werden.<\/p>\n<div class=\"daschuContentWrapper show\" style=\"opacity: 1; display: inline;\">\n<h3><\/h3>\n<p>&nbsp;<\/p>\n<p><b>Kontaktformular<\/b><\/p>\n<p>Sofern Sie per E-Mail oder \u00fcber ein Kontaktformular den Kontakt mit uns aufnehmen, werden die von Ihnen \u00fcbermittelten personenbezogenen Daten automatisch gespeichert. Solche auf freiwilliger Basis von Ihnen an uns \u00fcbermittelten personenbezogenen Daten werden f\u00fcr Zwecke der Bearbeitung oder der Kontaktaufnahme zur Ihnen gespeichert. Es erfolgt keine Weitergabe dieser personenbezogenen Daten an Dritte.<\/p>\n<p>&nbsp;<\/p>\n<p><b>Auskunft, L\u00f6schung, Sperrung<\/b><\/p>\n<p>Sie haben jederzeit das Recht auf unentgeltliche Auskunft \u00fcber Ihre gespeicherten personenbezogenen Daten, deren Herkunft und Empf\u00e4nger und den Zweck der Datenverarbeitung sowie ein Recht auf Berichtigung, Sperrung oder L\u00f6schung (Recht auf Vergessen werden) sowie auf Beschr\u00e4nkung der Verarbeitung und einen Wiederspruch zu einer erteilten Genehmigung zur Verarbeitung dieser Daten.<\/p>\n<p>&nbsp;<\/p>\n<\/div>\n<\/div>\n<\/div>\n<\/div>\n<\/div>\n<p>[\/et_pb_text][\/et_pb_column][\/et_pb_row][\/et_pb_section]<\/p>\n","protected":false},"excerpt":{"rendered":"<p>Datenschutzerkl\u00e4rung Datenschutz Die Betreiber dieser Seiten nehmen den Schutz Ihrer pers\u00f6nlichen Daten sehr ernst. Wir behandeln Ihre personenbezogenen Daten vertraulich und entsprechend der gesetzlichen Datenschutzvorschriften sowie dieser Datenschutzerkl\u00e4rung.Die Nutzung unserer Webseite ist in der Regel ohne Angabe personenbezogener Daten m\u00f6glich. Soweit auf unseren Seiten personenbezogene Daten (beispielsweise Name, Anschrift oder E-Mail-Adressen) erhoben werden, erfolgt dies [&hellip;]<\/p>\n","protected":false},"author":1,"featured_media":0,"parent":0,"menu_order":0,"comment_status":"closed","ping_status":"closed","template":"","meta":{"_et_pb_use_builder":"on","_et_pb_old_content":"","_et_gb_content_width":"","footnotes":""},"class_list":["post-76","page","type-page","status-publish","hentry"],"yoast_head":"<!-- This site is optimized with the Yoast SEO plugin v27.3 - https:\/\/yoast.com\/product\/yoast-seo-wordpress\/ -->\n<title>Datenschutz - Kiefernweg Lange Liete<\/title>\n<meta name=\"robots\" content=\"index, follow, max-snippet:-1, max-image-preview:large, max-video-preview:-1\" \/>\n<link rel=\"canonical\" href=\"http:\/\/rostock-design.de\/startseite\/datenschutz\/\" \/>\n<meta property=\"og:locale\" content=\"de_DE\" \/>\n<meta property=\"og:type\" content=\"article\" \/>\n<meta property=\"og:title\" content=\"Datenschutz - Kiefernweg Lange Liete\" \/>\n<meta property=\"og:description\" content=\"Datenschutzerkl\u00e4rung Datenschutz Die Betreiber dieser Seiten nehmen den Schutz Ihrer pers\u00f6nlichen Daten sehr ernst. Wir behandeln Ihre personenbezogenen Daten vertraulich und entsprechend der gesetzlichen Datenschutzvorschriften sowie dieser Datenschutzerkl\u00e4rung.Die Nutzung unserer Webseite ist in der Regel ohne Angabe personenbezogener Daten m\u00f6glich. Soweit auf unseren Seiten personenbezogene Daten (beispielsweise Name, Anschrift oder E-Mail-Adressen) erhoben werden, erfolgt dies [&hellip;]\" \/>\n<meta property=\"og:url\" content=\"http:\/\/rostock-design.de\/startseite\/datenschutz\/\" \/>\n<meta property=\"og:site_name\" content=\"Kiefernweg Lange Liete\" \/>\n<meta property=\"article:modified_time\" content=\"2024-07-16T13:36:44+00:00\" \/>\n<meta name=\"twitter:card\" content=\"summary_large_image\" \/>\n<meta name=\"twitter:label1\" content=\"Gesch\u00e4tzte Lesezeit\" \/>\n\t<meta name=\"twitter:data1\" content=\"3\u00a0Minuten\" \/>\n<script type=\"application\/ld+json\" class=\"yoast-schema-graph\">{\"@context\":\"https:\\\/\\\/schema.org\",\"@graph\":[{\"@type\":\"WebPage\",\"@id\":\"http:\\\/\\\/rostock-design.de\\\/startseite\\\/datenschutz\\\/\",\"url\":\"http:\\\/\\\/rostock-design.de\\\/startseite\\\/datenschutz\\\/\",\"name\":\"Datenschutz - Kiefernweg Lange Liete\",\"isPartOf\":{\"@id\":\"http:\\\/\\\/rostock-design.de\\\/startseite\\\/#website\"},\"datePublished\":\"2024-07-14T13:33:26+00:00\",\"dateModified\":\"2024-07-16T13:36:44+00:00\",\"breadcrumb\":{\"@id\":\"http:\\\/\\\/rostock-design.de\\\/startseite\\\/datenschutz\\\/#breadcrumb\"},\"inLanguage\":\"de\",\"potentialAction\":[{\"@type\":\"ReadAction\",\"target\":[\"http:\\\/\\\/rostock-design.de\\\/startseite\\\/datenschutz\\\/\"]}]},{\"@type\":\"BreadcrumbList\",\"@id\":\"http:\\\/\\\/rostock-design.de\\\/startseite\\\/datenschutz\\\/#breadcrumb\",\"itemListElement\":[{\"@type\":\"ListItem\",\"position\":1,\"name\":\"Startseite\",\"item\":\"http:\\\/\\\/rostock-design.de\\\/startseite\\\/\"},{\"@type\":\"ListItem\",\"position\":2,\"name\":\"Datenschutz\"}]},{\"@type\":\"WebSite\",\"@id\":\"http:\\\/\\\/rostock-design.de\\\/startseite\\\/#website\",\"url\":\"http:\\\/\\\/rostock-design.de\\\/startseite\\\/\",\"name\":\"Kiefernweg Lange Liete\",\"description\":\"Baugrundst\u00fccke in Rostock\",\"publisher\":{\"@id\":\"http:\\\/\\\/rostock-design.de\\\/startseite\\\/#\\\/schema\\\/person\\\/56150149c9d78ea2fa16478bfa28aa00\"},\"potentialAction\":[{\"@type\":\"SearchAction\",\"target\":{\"@type\":\"EntryPoint\",\"urlTemplate\":\"http:\\\/\\\/rostock-design.de\\\/startseite\\\/?s={search_term_string}\"},\"query-input\":{\"@type\":\"PropertyValueSpecification\",\"valueRequired\":true,\"valueName\":\"search_term_string\"}}],\"inLanguage\":\"de\"},{\"@type\":[\"Person\",\"Organization\"],\"@id\":\"http:\\\/\\\/rostock-design.de\\\/startseite\\\/#\\\/schema\\\/person\\\/56150149c9d78ea2fa16478bfa28aa00\",\"name\":\"admin\",\"image\":{\"@type\":\"ImageObject\",\"inLanguage\":\"de\",\"@id\":\"http:\\\/\\\/rostock-design.de\\\/wp-content\\\/uploads\\\/2024\\\/07\\\/Logo3.png\",\"url\":\"http:\\\/\\\/rostock-design.de\\\/wp-content\\\/uploads\\\/2024\\\/07\\\/Logo3.png\",\"contentUrl\":\"http:\\\/\\\/rostock-design.de\\\/wp-content\\\/uploads\\\/2024\\\/07\\\/Logo3.png\",\"width\":605,\"height\":629,\"caption\":\"admin\"},\"logo\":{\"@id\":\"http:\\\/\\\/rostock-design.de\\\/wp-content\\\/uploads\\\/2024\\\/07\\\/Logo3.png\"},\"sameAs\":[\"http:\\\/\\\/rostock-design.de\"]}]}<\/script>\n<!-- \/ Yoast SEO plugin. -->","yoast_head_json":{"title":"Datenschutz - Kiefernweg Lange Liete","robots":{"index":"index","follow":"follow","max-snippet":"max-snippet:-1","max-image-preview":"max-image-preview:large","max-video-preview":"max-video-preview:-1"},"canonical":"http:\/\/rostock-design.de\/startseite\/datenschutz\/","og_locale":"de_DE","og_type":"article","og_title":"Datenschutz - Kiefernweg Lange Liete","og_description":"Datenschutzerkl\u00e4rung Datenschutz Die Betreiber dieser Seiten nehmen den Schutz Ihrer pers\u00f6nlichen Daten sehr ernst. Wir behandeln Ihre personenbezogenen Daten vertraulich und entsprechend der gesetzlichen Datenschutzvorschriften sowie dieser Datenschutzerkl\u00e4rung.Die Nutzung unserer Webseite ist in der Regel ohne Angabe personenbezogener Daten m\u00f6glich. Soweit auf unseren Seiten personenbezogene Daten (beispielsweise Name, Anschrift oder E-Mail-Adressen) erhoben werden, erfolgt dies [&hellip;]","og_url":"http:\/\/rostock-design.de\/startseite\/datenschutz\/","og_site_name":"Kiefernweg Lange Liete","article_modified_time":"2024-07-16T13:36:44+00:00","twitter_card":"summary_large_image","twitter_misc":{"Gesch\u00e4tzte Lesezeit":"3\u00a0Minuten"},"schema":{"@context":"https:\/\/schema.org","@graph":[{"@type":"WebPage","@id":"http:\/\/rostock-design.de\/startseite\/datenschutz\/","url":"http:\/\/rostock-design.de\/startseite\/datenschutz\/","name":"Datenschutz - Kiefernweg Lange Liete","isPartOf":{"@id":"http:\/\/rostock-design.de\/startseite\/#website"},"datePublished":"2024-07-14T13:33:26+00:00","dateModified":"2024-07-16T13:36:44+00:00","breadcrumb":{"@id":"http:\/\/rostock-design.de\/startseite\/datenschutz\/#breadcrumb"},"inLanguage":"de","potentialAction":[{"@type":"ReadAction","target":["http:\/\/rostock-design.de\/startseite\/datenschutz\/"]}]},{"@type":"BreadcrumbList","@id":"http:\/\/rostock-design.de\/startseite\/datenschutz\/#breadcrumb","itemListElement":[{"@type":"ListItem","position":1,"name":"Startseite","item":"http:\/\/rostock-design.de\/startseite\/"},{"@type":"ListItem","position":2,"name":"Datenschutz"}]},{"@type":"WebSite","@id":"http:\/\/rostock-design.de\/startseite\/#website","url":"http:\/\/rostock-design.de\/startseite\/","name":"Kiefernweg Lange Liete","description":"Baugrundst\u00fccke in Rostock","publisher":{"@id":"http:\/\/rostock-design.de\/startseite\/#\/schema\/person\/56150149c9d78ea2fa16478bfa28aa00"},"potentialAction":[{"@type":"SearchAction","target":{"@type":"EntryPoint","urlTemplate":"http:\/\/rostock-design.de\/startseite\/?s={search_term_string}"},"query-input":{"@type":"PropertyValueSpecification","valueRequired":true,"valueName":"search_term_string"}}],"inLanguage":"de"},{"@type":["Person","Organization"],"@id":"http:\/\/rostock-design.de\/startseite\/#\/schema\/person\/56150149c9d78ea2fa16478bfa28aa00","name":"admin","image":{"@type":"ImageObject","inLanguage":"de","@id":"http:\/\/rostock-design.de\/wp-content\/uploads\/2024\/07\/Logo3.png","url":"http:\/\/rostock-design.de\/wp-content\/uploads\/2024\/07\/Logo3.png","contentUrl":"http:\/\/rostock-design.de\/wp-content\/uploads\/2024\/07\/Logo3.png","width":605,"height":629,"caption":"admin"},"logo":{"@id":"http:\/\/rostock-design.de\/wp-content\/uploads\/2024\/07\/Logo3.png"},"sameAs":["http:\/\/rostock-design.de"]}]}},"_links":{"self":[{"href":"http:\/\/rostock-design.de\/startseite\/wp-json\/wp\/v2\/pages\/76","targetHints":{"allow":["GET"]}}],"collection":[{"href":"http:\/\/rostock-design.de\/startseite\/wp-json\/wp\/v2\/pages"}],"about":[{"href":"http:\/\/rostock-design.de\/startseite\/wp-json\/wp\/v2\/types\/page"}],"author":[{"embeddable":true,"href":"http:\/\/rostock-design.de\/startseite\/wp-json\/wp\/v2\/users\/1"}],"replies":[{"embeddable":true,"href":"http:\/\/rostock-design.de\/startseite\/wp-json\/wp\/v2\/comments?post=76"}],"version-history":[{"count":7,"href":"http:\/\/rostock-design.de\/startseite\/wp-json\/wp\/v2\/pages\/76\/revisions"}],"predecessor-version":[{"id":173,"href":"http:\/\/rostock-design.de\/startseite\/wp-json\/wp\/v2\/pages\/76\/revisions\/173"}],"wp:attachment":[{"href":"http:\/\/rostock-design.de\/startseite\/wp-json\/wp\/v2\/media?parent=76"}],"curies":[{"name":"wp","href":"https:\/\/api.w.org\/{rel}","templated":true}]}}